{"id":46524,"date":"2025-12-17T14:03:44","date_gmt":"2025-12-17T14:03:44","guid":{"rendered":"https:\/\/nextlevel.law\/?page_id=46524"},"modified":"2026-02-13T00:28:45","modified_gmt":"2026-02-13T00:28:45","slug":"politica-de-privacidad","status":"publish","type":"page","link":"https:\/\/www.nextlevel.law\/es\/politica-de-privacidad\/","title":{"rendered":"Pol\u00edtica de privacidad"},"content":{"rendered":"\t\t<div data-elementor-type=\"wp-page\" data-elementor-id=\"46524\" class=\"elementor elementor-46524 elementor-3\" data-elementor-post-type=\"page\">\n\t\t\t\t<div class=\"elementor-element elementor-element-333d4920 e-flex e-con-boxed e-con e-parent\" data-id=\"333d4920\" data-element_type=\"container\" data-e-type=\"container\">\n\t\t\t\t\t<div class=\"e-con-inner\">\n\t\t\t\t<div class=\"elementor-element elementor-element-dbd80d4 elementor-widget elementor-widget-heading\" data-id=\"dbd80d4\" data-element_type=\"widget\" data-e-type=\"widget\" data-widget_type=\"heading.default\">\n\t\t\t\t\t<h2 class=\"elementor-heading-title elementor-size-default\">Pol\u00edtica de privacidad<\/h2>\t\t\t\t<\/div>\n\t\t\t\t<div class=\"elementor-element elementor-element-4f71422 elementor-widget elementor-widget-text-editor\" data-id=\"4f71422\" data-element_type=\"widget\" data-e-type=\"widget\" data-widget_type=\"text-editor.default\">\n\t\t\t\t\t\t\t\t\t<p><\/p>\n<p>Colaboramos con Internet Brands, que tambi\u00e9n podr\u00eda recopilar datos como parte de nuestros esfuerzos de marketing. Para obtener m\u00e1s informaci\u00f3n sobre la pol\u00edtica de privacidad de Internet Brands y los datos que podr\u00edan recopilarse, visita: <a href=\"https:\/\/www.internetbrands.com\/privacy\/privacy-main.html\" target=\"_blank\" rel=\"noreferrer noopener\">Declaraci\u00f3n de privacidad de Internet Brands<\/a>. <\/p>\n<p> <\/p>\n<p>Esta declaraci\u00f3n se aplica a la recopilaci\u00f3n en l\u00ednea de informaci\u00f3n personal a trav\u00e9s de los sitios web operados y las aplicaciones ofrecidas por NextLevel Law, P.C. by Daniel R. Hernandez, Esq. Los detalles de la Declaraci\u00f3n de privacidad se presentan a continuaci\u00f3n. <\/p>\n<p> <\/p>\n<h3 class=\"wp-block-heading\">\u00bfQu\u00e9 informaci\u00f3n personal se recopila y c\u00f3mo se utiliza?<\/h3>\n<p> <\/p>\n<ul class=\"wp-block-list\">\n<li>Recopilamos informaci\u00f3n sobre nuestros usuarios de tres maneras: directamente del usuario (como al pedir un producto, registrar una cuenta o suscribirse a un bolet\u00edn), de los registros de nuestro servidor web y a trav\u00e9s de cookies.<\/li>\n \n<li>Utilizamos la informaci\u00f3n principalmente para proporcionarte una experiencia de Internet personalizada que ofrezca la informaci\u00f3n, los recursos y los servicios que sean m\u00e1s relevantes y \u00fatiles para ti.<\/li>\n \n<li>No compartimos ninguna de la informaci\u00f3n que nos facilitas con terceros, a menos que lo indiquemos en esta Declaraci\u00f3n de privacidad o cuando creamos de buena fe que la ley lo exige.<\/li>\n<\/ul>\n<p> <\/p>\n<h3 class=\"wp-block-heading\">\u00bfC\u00f3mo se protege mi informaci\u00f3n personal?<\/h3>\n<p> <\/p>\n<ul class=\"wp-block-list\">\n<li>Hemos implementado ciertas medidas de seguridad adecuadas para ayudar a proteger tu informaci\u00f3n personal frente a p\u00e9rdidas accidentales y frente al acceso, uso o divulgaci\u00f3n no autorizados.<\/li>\n \n<li>Sin embargo, ten en cuenta que no podemos garantizar que personas no autorizadas no puedan superar nunca nuestras medidas de seguridad.<\/li>\n \n<li>Adem\u00e1s, ten en cuenta que podemos almacenar y procesar tu informaci\u00f3n personal en sistemas ubicados fuera de tu pa\u00eds de origen. Independientemente de d\u00f3nde se realicen estas actividades, tomamos las medidas adecuadas para garantizar que tu informaci\u00f3n est\u00e9 protegida de acuerdo con los principios establecidos en esta Declaraci\u00f3n de privacidad. <\/li>\n<\/ul>\n<p> <\/p>\n<h3 class=\"wp-block-heading\">\u00bfQui\u00e9n tiene acceso a la informaci\u00f3n personal?<\/h3>\n<p> <\/p>\n<ul class=\"wp-block-list\">\n<li>No venderemos, alquilaremos ni arrendaremos listas de correo u otros datos de clientes a terceros, y no pondremos tu informaci\u00f3n personal a disposici\u00f3n de ninguna parte no afiliada, excepto a nuestros agentes y contratistas aprobados, o seg\u00fan se describa de otro modo en esta Declaraci\u00f3n de privacidad.<\/li>\n \n<li>Dependemos de algunos de nuestros afiliados para el soporte de los productos y servicios que ofrecemos, y compartimos algunas de nuestras funciones administrativas con otras empresas de NextLevel Law, P.C. by Daniel R. Hernandez, Esq. Todos nuestros afiliados est\u00e1n obligados a preservar la confidencialidad de cualquier informaci\u00f3n personal a la que puedan acceder. <\/li>\n \n<li>No revelaremos ninguna informaci\u00f3n personal ni informaci\u00f3n sobre tu uso de nuestros sitios web a terceros no afiliados, excepto seg\u00fan sea necesario para dar servicio a la cuenta, para hacer cumplir los t\u00e9rminos de uso, para cumplir con nuestras obligaciones con los proveedores de contenido y tecnolog\u00eda, o seg\u00fan lo exija la ley.<\/li>\n<\/ul>\n<p> <\/p>\n<h3 class=\"wp-block-heading\">\u00bfC\u00f3mo puedo corregir, modificar o eliminar mi informaci\u00f3n personal, o actualizar mis preferencias?<\/h3>\n<p> <\/p>\n<ul class=\"wp-block-list\">\n<li>Puedes cancelar tu registro o actualizar tus preferencias en cualquier momento simplemente poni\u00e9ndote en contacto con nosotros.<\/li>\n \n<li>Si no deseas recibir informaci\u00f3n sobre nuestros productos o servicios, ponte en contacto con nosotros.<\/li>\n \n<li>Si tienes alguna pregunta o duda adicional relacionada con esta declaraci\u00f3n o nuestras pr\u00e1cticas, ponte en contacto con nosotros en:<\/li>\n<\/ul>\n<p> <\/p>\n<h3 class=\"wp-block-heading\">NextLevel Law, P.C. by Daniel R. Hernandez, Esq.<\/h3>\n<p> <\/p>\n<p>211 W. Wacker Dr.<br>Ste. 200B<br>Chicago, IL 60606<br>Tel\u00e9fono: <a href=\"tel:+13128250473\">312-825-0473<\/a> <\/p>\n<p><\/p>\t\t\t\t\t\t\t\t<\/div>\n\t\t\t\t\t<\/div>\n\t\t\t\t<\/div>\n\t\t\t\t<\/div>\n\t\t","protected":false},"excerpt":{"rendered":"<p>Colaboramos con Internet Brands, que tambi\u00e9n podr\u00eda recopilar datos como parte de nuestros esfuerzos de marketing. Para obtener m\u00e1s informaci\u00f3n sobre la pol\u00edtica de privacidad de Internet Brands y los datos que podr\u00edan recopilarse, visita: Declaraci\u00f3n de privacidad de Internet Brands. Esta declaraci\u00f3n se aplica a la recopilaci\u00f3n en l\u00ednea de informaci\u00f3n personal a trav\u00e9s [&hellip;]<\/p>\n","protected":false},"author":1,"featured_media":0,"parent":0,"menu_order":0,"comment_status":"closed","ping_status":"open","template":"","meta":{"footnotes":""},"class_list":["post-46524","page","type-page","status-publish","hentry"],"_links":{"self":[{"href":"https:\/\/www.nextlevel.law\/es\/wp-json\/wp\/v2\/pages\/46524","targetHints":{"allow":["GET"]}}],"collection":[{"href":"https:\/\/www.nextlevel.law\/es\/wp-json\/wp\/v2\/pages"}],"about":[{"href":"https:\/\/www.nextlevel.law\/es\/wp-json\/wp\/v2\/types\/page"}],"author":[{"embeddable":true,"href":"https:\/\/www.nextlevel.law\/es\/wp-json\/wp\/v2\/users\/1"}],"replies":[{"embeddable":true,"href":"https:\/\/www.nextlevel.law\/es\/wp-json\/wp\/v2\/comments?post=46524"}],"version-history":[{"count":4,"href":"https:\/\/www.nextlevel.law\/es\/wp-json\/wp\/v2\/pages\/46524\/revisions"}],"predecessor-version":[{"id":48457,"href":"https:\/\/www.nextlevel.law\/es\/wp-json\/wp\/v2\/pages\/46524\/revisions\/48457"}],"wp:attachment":[{"href":"https:\/\/www.nextlevel.law\/es\/wp-json\/wp\/v2\/media?parent=46524"}],"curies":[{"name":"wp","href":"https:\/\/api.w.org\/{rel}","templated":true}]}}